{"id":129,"date":"2026-04-03T02:03:05","date_gmt":"2026-04-03T02:03:05","guid":{"rendered":"http:\/\/lartdelavoixinterieure.fr\/?page_id=129"},"modified":"2026-04-03T18:09:46","modified_gmt":"2026-04-03T18:09:46","slug":"prendre-rdv","status":"publish","type":"page","link":"http:\/\/lartdelavoixinterieure.fr\/index.php\/prendre-rdv\/","title":{"rendered":"Prise de RDV, tarifs et informations"},"content":{"rendered":"\n<div class=\"wp-block-group alignwide has-global-padding is-content-justification-center is-layout-constrained wp-container-core-group-is-layout-e99e6284 wp-block-group-is-layout-constrained\">\n<div class=\"wp-block-group has-contrast-light-background-color has-background has-global-padding is-layout-constrained wp-container-core-group-is-layout-e3143389 wp-block-group-is-layout-constrained\" style=\"border-radius:24px;padding-top:var(--wp--preset--spacing--superbspacing-medium);padding-right:var(--wp--preset--spacing--superbspacing-medium);padding-bottom:var(--wp--preset--spacing--superbspacing-medium);padding-left:var(--wp--preset--spacing--superbspacing-medium)\">\n<h3 class=\"wp-block-heading has-text-align-center has-primary-color has-text-color has-superbfont-small-font-size\">Calendly<\/h3>\n\n\n\n<h2 class=\"wp-block-heading has-text-align-center has-mono-1-color has-text-color has-superbfont-xlarge-font-size\">Site en cours de creation<\/h2>\n\n\n\n<p class=\"has-text-align-center has-mono-2-color has-text-color has-superbfont-small-font-size\">Site en cours de creation<\/p>\n\n\n\n<div class=\"wp-block-buttons wp-container-content-9cfa9a5a is-content-justification-center is-nowrap is-layout-flex wp-container-core-buttons-is-layout-bc7c57ac wp-block-buttons-is-layout-flex\">\n<div class=\"wp-block-button is-style-outline is-style-outline--1\"><a class=\"wp-block-button__link has-base-background-color has-background has-superbfont-small-font-size has-custom-font-size wp-element-button\" href=\"http:\/\/lartdelavoixinterieure.fr\/index.php\/contact\/\" target=\"_blank\" rel=\"noreferrer noopener\">CONTACTEZ-MOI<\/a><\/div>\n\n\n\n<div class=\"wp-block-button\"><a class=\"wp-block-button__link has-superbfont-small-font-size has-custom-font-size wp-element-button\">PRENDRE RDV<\/a><\/div>\n<\/div>\n<\/div>\n<\/div>\n\n\n\n<div class=\"wp-block-group alignfull is-layout-flow wp-block-group-is-layout-flow\">\n<div class=\"wp-block-group alignfull has-global-padding is-layout-constrained wp-container-core-group-is-layout-58718c00 wp-block-group-is-layout-constrained\" style=\"margin-top:0;margin-bottom:0;padding-top:var(--wp--preset--spacing--superbspacing-medium);padding-right:var(--wp--preset--spacing--superbspacing-small);padding-bottom:var(--wp--preset--spacing--superbspacing-large);padding-left:var(--wp--preset--spacing--superbspacing-small)\">\n<div class=\"wp-block-group alignwide is-vertical is-content-justification-center is-layout-flex wp-container-core-group-is-layout-f90d858d wp-block-group-is-layout-flex\" style=\"border-radius:20px;padding-top:0;padding-right:0;padding-bottom:0;padding-left:0\">\n<div class=\"wp-block-group has-global-padding is-content-justification-center is-layout-constrained wp-container-core-group-is-layout-fe7bfd86 wp-block-group-is-layout-constrained\">\n<h1 class=\"wp-block-heading has-text-align-center has-mono-1-color has-text-color has-superbfont-xxlarge-font-size\">Tarifs et informations<\/h1>\n\n\n\n<p><\/p>\n\n\n\n<p class=\"has-text-align-left has-mono-2-color has-text-color has-superbfont-small-font-size\"><strong>Tarifs :<\/strong><br>Accompagnement individuel (Hypnose &amp; NMO)<br>S\u00e9ance d&#8217;environ 1h15 : 70\u20ac <br><br><strong>Lieux : <\/strong><br>En cabinet (FUVEAU) ou en Visioconf\u00e9rence<br><br><strong>R\u00e8glement : <\/strong><br>Ch\u00e8que ou esp\u00e8ces (pour le cabinet) \/ Paiement s\u00e9curis\u00e9 (pour la visio)<br><br><em>Le conseil : <\/em><br><em>Pensez \u00e0 contacter votre mutuelle, de nombreuses compl\u00e9mentaires remboursent une partie des s\u00e9ances de th\u00e9rapies br\u00e8ves. <\/em><br><br><strong>Politique d&#8217;annulation:<\/strong><br>Pour le respect du travail engag\u00e9 et la fluidit\u00e9 de l&#8217;agenda, toute s\u00e9ance non d\u00e9command\u00e9e au moins 48h \u00e0 l&#8217;avance est consid\u00e9r\u00e9e comme due. <br>Je vous remercie de votre compr\u00e9hension.<\/p>\n<\/div>\n<\/div>\n<\/div>\n\n\n\n<div class=\"wp-block-group alignfull has-global-padding is-content-justification-left is-layout-constrained wp-container-core-group-is-layout-2ad3e5fb wp-block-group-is-layout-constrained\" style=\"margin-top:0;margin-bottom:0;padding-top:0;padding-right:var(--wp--preset--spacing--superbspacing-small);padding-bottom:0;padding-left:var(--wp--preset--spacing--superbspacing-small)\">\n<div class=\"wp-block-group alignwide has-global-padding is-layout-constrained wp-container-core-group-is-layout-e52907a5 wp-block-group-is-layout-constrained\">\n<h2 class=\"wp-block-heading has-text-align-center has-contrast-color has-text-color has-superbfont-xlarge-font-size\">Notre localisation<\/h2>\n<\/div>\n\n\n\n<div class=\"wp-block-group alignwide has-global-padding is-layout-constrained wp-block-group-is-layout-constrained\">\n<div class=\"wp-block-superb-addons-google-maps alignfull\"><div class=\"superbaddons-google-maps-block\" style=\"border-radius:2%;height:450px\"><iframe loading=\"lazy\" width=\"100%\" height=\"450px\" frameborder=\"0\" margin=\"0\" padding=\"0\" referrerpolicy=\"no-referrer-when-downgrade\" src=\"https:\/\/maps.google.com\/maps?width=100%&amp;height=100%&amp;q=Fuveau&amp;t=&amp;z=15&amp;hl=en&amp;ie=UTF8&amp;iwloc=B&amp;output=embed\"><\/iframe><\/div><\/div>\n<\/div>\n<\/div>\n<\/div>\n\n\n\n<div class=\"wp-block-group has-global-padding is-layout-constrained wp-block-group-is-layout-constrained\"><\/div>\n\n\n\n<p><\/p>\n","protected":false},"excerpt":{"rendered":"<p>Calendly Site en cours de creation Site en cours de creation Tarifs et informations Tarifs :Accompagnement individuel (Hypnose &amp; NMO)S\u00e9ance d&#8217;environ 1h15 : 70\u20ac Lieux : En cabinet (FUVEAU) ou en Visioconf\u00e9rence R\u00e8glement : Ch\u00e8que ou esp\u00e8ces (pour le cabinet) \/ Paiement s\u00e9curis\u00e9 (pour la visio) Le conseil : Pensez \u00e0 contacter votre mutuelle, de [&hellip;]<\/p>\n","protected":false},"author":1,"featured_media":0,"parent":0,"menu_order":0,"comment_status":"closed","ping_status":"closed","template":"","meta":{"footnotes":""},"class_list":["post-129","page","type-page","status-publish","hentry"],"_links":{"self":[{"href":"http:\/\/lartdelavoixinterieure.fr\/index.php\/wp-json\/wp\/v2\/pages\/129","targetHints":{"allow":["GET"]}}],"collection":[{"href":"http:\/\/lartdelavoixinterieure.fr\/index.php\/wp-json\/wp\/v2\/pages"}],"about":[{"href":"http:\/\/lartdelavoixinterieure.fr\/index.php\/wp-json\/wp\/v2\/types\/page"}],"author":[{"embeddable":true,"href":"http:\/\/lartdelavoixinterieure.fr\/index.php\/wp-json\/wp\/v2\/users\/1"}],"replies":[{"embeddable":true,"href":"http:\/\/lartdelavoixinterieure.fr\/index.php\/wp-json\/wp\/v2\/comments?post=129"}],"version-history":[{"count":7,"href":"http:\/\/lartdelavoixinterieure.fr\/index.php\/wp-json\/wp\/v2\/pages\/129\/revisions"}],"predecessor-version":[{"id":160,"href":"http:\/\/lartdelavoixinterieure.fr\/index.php\/wp-json\/wp\/v2\/pages\/129\/revisions\/160"}],"wp:attachment":[{"href":"http:\/\/lartdelavoixinterieure.fr\/index.php\/wp-json\/wp\/v2\/media?parent=129"}],"curies":[{"name":"wp","href":"https:\/\/api.w.org\/{rel}","templated":true}]}}